{"id":1997,"date":"2023-04-18T10:18:27","date_gmt":"2023-04-18T14:18:27","guid":{"rendered":"https:\/\/northernlightsaerofoundation.com\/soutenir-la-nlaf\/commanditaire\/"},"modified":"2023-08-31T14:13:51","modified_gmt":"2023-08-31T18:13:51","slug":"commanditaire","status":"publish","type":"page","link":"https:\/\/northernlightsaerofoundation.com\/fr\/soutenir-la-nlaf\/commanditaire\/","title":{"rendered":"Commanditaire"},"content":{"rendered":"\n<div class=\"wp-block-columns is-layout-flex wp-container-core-columns-is-layout-9d6595d7 wp-block-columns-is-layout-flex\">\n<div class=\"wp-block-column is-layout-flow wp-block-column-is-layout-flow\">\n<h1 class=\"wp-block-heading\">Commanditaire <\/h1>\n\n\n\n<p>La Northern Lights Aero Foundation est fi\u00e8re de collaborer avec divers commanditaires qui soutiennent notre mission consistant \u00e0 inspirer et \u00e0 encourager la participation accrue des femmes dans l\u2019industrie de l\u2019aviation et de l\u2019a\u00e9rospatiale en promouvant les nombreuses perspectives de carri\u00e8re int\u00e9ressantes qui s\u2019offrent \u00e0 elles. Merci \u00e0 nos commanditaires! <\/p>\n\n\n\n<p>Nous invitons votre organisme \u00e0 jouer un r\u00f4le de premier plan en participant \u00e0 la reconnaissance et \u00e0 la promotion de femmes extraordinaires. Pour obtenir de plus amples renseignements sur le parrainage, veuillez <a href=\"mailto:fundraising@northernlightsaerofoundation.com\">Communiquer avec nous.<\/a><\/p>\n<\/div>\n\n\n\n<div class=\"wp-block-column is-vertically-aligned-center is-layout-flow wp-block-column-is-layout-flow\">\n<figure class=\"wp-block-image size-full\"><img loading=\"lazy\" decoding=\"async\" width=\"800\" height=\"500\" src=\"https:\/\/northernlightsaerofoundation.com\/wp-content\/uploads\/2023\/07\/Elsie-Awards-2021-Groupshot-t.jpg\" alt=\"Photo de groupe du gala des Elsie Awards 2021\" class=\"wp-image-1775\" srcset=\"https:\/\/northernlightsaerofoundation.com\/wp-content\/uploads\/2023\/07\/Elsie-Awards-2021-Groupshot-t.jpg 800w, https:\/\/northernlightsaerofoundation.com\/wp-content\/uploads\/2023\/07\/Elsie-Awards-2021-Groupshot-t-640x400.jpg 640w\" sizes=\"auto, (max-width: 800px) 100vw, 800px\" \/><\/figure>\n<\/div>\n<\/div>\n\n<div style=\"height:100px\" aria-hidden=\"true\" class=\"wp-block-spacer\"><\/div>\n","protected":false},"excerpt":{"rendered":"<p>Commanditaire La Northern Lights Aero Foundation est fi\u00e8re de collaborer avec divers commanditaires qui soutiennent notre mission consistant \u00e0 inspirer et \u00e0 encourager la participation accrue des femmes dans l\u2019industrie [&hellip;]<\/p>\n","protected":false},"author":2,"featured_media":0,"parent":1996,"menu_order":0,"comment_status":"closed","ping_status":"closed","template":"","meta":{"_acf_changed":false,"_EventAllDay":false,"_EventTimezone":"","_EventStartDate":"","_EventEndDate":"","_EventStartDateUTC":"","_EventEndDateUTC":"","_EventShowMap":false,"_EventShowMapLink":false,"_EventURL":"","_EventCost":"","_EventCostDescription":"","_EventCurrencySymbol":"","_EventCurrencyCode":"","_EventCurrencyPosition":"","_EventDateTimeSeparator":"","_EventTimeRangeSeparator":"","_EventOrganizerID":[],"_EventVenueID":[],"_OrganizerEmail":"","_OrganizerPhone":"","_OrganizerWebsite":"","_VenueAddress":"","_VenueCity":"","_VenueCountry":"","_VenueProvince":"","_VenueState":"","_VenueZip":"","_VenuePhone":"","_VenueURL":"","_VenueStateProvince":"","_VenueLat":"","_VenueLng":"","_VenueShowMap":false,"_VenueShowMapLink":false,"footnotes":""},"class_list":["post-1997","page","type-page","status-publish","hentry"],"acf":[],"_links":{"self":[{"href":"https:\/\/northernlightsaerofoundation.com\/fr\/wp-json\/wp\/v2\/pages\/1997","targetHints":{"allow":["GET"]}}],"collection":[{"href":"https:\/\/northernlightsaerofoundation.com\/fr\/wp-json\/wp\/v2\/pages"}],"about":[{"href":"https:\/\/northernlightsaerofoundation.com\/fr\/wp-json\/wp\/v2\/types\/page"}],"author":[{"embeddable":true,"href":"https:\/\/northernlightsaerofoundation.com\/fr\/wp-json\/wp\/v2\/users\/2"}],"replies":[{"embeddable":true,"href":"https:\/\/northernlightsaerofoundation.com\/fr\/wp-json\/wp\/v2\/comments?post=1997"}],"version-history":[{"count":1,"href":"https:\/\/northernlightsaerofoundation.com\/fr\/wp-json\/wp\/v2\/pages\/1997\/revisions"}],"predecessor-version":[{"id":1998,"href":"https:\/\/northernlightsaerofoundation.com\/fr\/wp-json\/wp\/v2\/pages\/1997\/revisions\/1998"}],"up":[{"embeddable":true,"href":"https:\/\/northernlightsaerofoundation.com\/fr\/wp-json\/wp\/v2\/pages\/1996"}],"wp:attachment":[{"href":"https:\/\/northernlightsaerofoundation.com\/fr\/wp-json\/wp\/v2\/media?parent=1997"}],"curies":[{"name":"wp","href":"https:\/\/api.w.org\/{rel}","templated":true}]}}