{"id":2022,"date":"2023-04-18T10:24:01","date_gmt":"2023-04-18T14:24:01","guid":{"rendered":"https:\/\/northernlightsaerofoundation.com\/etre-implique\/mentorat\/"},"modified":"2024-01-12T17:26:26","modified_gmt":"2024-01-12T22:26:26","slug":"mentorat","status":"publish","type":"page","link":"https:\/\/northernlightsaerofoundation.com\/fr\/etre-implique\/mentorat\/","title":{"rendered":"Mentorat"},"content":{"rendered":"\n<div class=\"wp-block-columns is-layout-flex wp-container-core-columns-is-layout-9d6595d7 wp-block-columns-is-layout-flex\">\n<div class=\"wp-block-column is-layout-flow wp-block-column-is-layout-flow\">\n<h1 class=\"wp-block-heading\"><strong>Mentorat<\/strong><\/h1>\n\n\n\n<h2 class=\"wp-block-heading\">Inscrivez-vous au programme de mentorat Northern Lights<\/h2>\n\n\n\n<p>Vous souhaitez vous perfectionner ou vous \u00e9panouir sur le plan professionnel mais ne savez pas par o\u00f9 commencer? Un mentor peut vous apporter des conseils judicieux, du soutien, des encouragements ou tout simplement un accompagnement qui peut vous fournir l\u2019impulsion dont votre carri\u00e8re a besoin. <\/p>\n\n\n\n<p>Le programme de mentorat Northern Lights s\u2019adresse \u00e0 ceux qui s\u2019int\u00e9ressent \u00e0 tous les aspects de l\u2019aviation et de l\u2019a\u00e9rospatiale. Cela peut \u00eatre pour vous, peu importe \u00e0 quelle \u00e9tape de votre carri\u00e8re vous vous trouvez, y compris : <\/p>\n\n\n\n<ul class=\"wp-block-list\">\n<li>envisager une carri\u00e8re<\/li>\n\n\n\n<li>suivre une formation pour une carri\u00e8re<\/li>\n\n\n\n<li>d\u00e9velopper votre carri\u00e8re.<\/li>\n<\/ul>\n\n\n\n<p><a href=\"https:\/\/northernlightsaerofoundation.com\/fr\/etre-implique\/trouver-une-mentore\/\" data-type=\"page\" data-id=\"1633\">Faites appel \u00e0 un mentor.<\/a> <a href=\"https:\/\/northernlightsaerofoundation.com\/fr\/etre-implique\/devenir-une-mentore\/\" data-type=\"page\" data-id=\"1629\">Devenez-en un.<\/a> Ou faites les deux!<\/p>\n\n\n\n<p>Le programme de mentorat de la Northern Lights Aero Foundation met en relation des professionnelles des secteurs de l\u2019aviation et de l\u2019a\u00e9ronautique, ind\u00e9pendamment de leur niveau d\u2019exp\u00e9rience. Il appuiera votre carri\u00e8re dans l\u2019aviation et l\u2019a\u00e9ronautique et favorisera votre r\u00e9ussite au moyen d\u2019occasions d\u2019apprentissage et de perfectionnement. Que vous soyez pilote, contr\u00f4leuse de la circulation a\u00e9rienne, ing\u00e9nieure en a\u00e9ronautique, ou technicienne avions \u2013 ou que vous souhaitiez simplement le devenir \u2013 nous sommes l\u00e0 pour vous aider \u00e0 prendre votre \u00e9lan!  <\/p>\n\n\n\n<p>Nous mettons en relation des professionnelles dot\u00e9es de comp\u00e9tences et de connaissances propres aux secteurs de l\u2019aviation ou de l\u2019a\u00e9ronautique avec des femmes d\u00e9sireuses d\u2019acqu\u00e9rir les m\u00eames comp\u00e9tences afin de propulser leur carri\u00e8re.<\/p>\n<\/div>\n\n\n\n<div class=\"wp-block-column is-layout-flow wp-block-column-is-layout-flow\">\n<figure class=\"wp-block-image size-full\"><img loading=\"lazy\" decoding=\"async\" width=\"756\" height=\"373\" src=\"https:\/\/northernlightsaerofoundation.com\/wp-content\/uploads\/2023\/04\/NLAF-Cadet-woman.jpg\" alt=\"\" class=\"wp-image-544\" srcset=\"https:\/\/northernlightsaerofoundation.com\/wp-content\/uploads\/2023\/04\/NLAF-Cadet-woman.jpg 756w, https:\/\/northernlightsaerofoundation.com\/wp-content\/uploads\/2023\/04\/NLAF-Cadet-woman-640x316.jpg 640w\" sizes=\"auto, (max-width: 756px) 100vw, 756px\" \/><\/figure>\n<\/div>\n<\/div>\n\n<div style=\"height:32px\" aria-hidden=\"true\" class=\"wp-block-spacer\"><\/div>\n\n\t\n\t<div class=\"icfp-block__pointy_outer\" style=\"background-color: #e2eff7;\">\t\t\t\t\t\n\t\t<div class=\"icfp-block__pointy_inner\">\n\t\t\t<div class=\"icfp-block__pointy_triangle-up\" style=\"left: 10%; border-top-color: #ffffff;\"><\/div>\n\t\t\t\t<div class=\"acf-innerblocks-container\">\n\n<div class=\"wp-block-columns is-layout-flex wp-container-core-columns-is-layout-9d6595d7 wp-block-columns-is-layout-flex\">\n<div class=\"wp-block-column is-layout-flow wp-block-column-is-layout-flow\">\n<h2 class=\"wp-block-heading\"><strong>\u00c0 propos de ce programme de mentorat<\/strong><\/h2>\n\n\n\n<p>Notre programme est unique en son genre! Le programme a divis\u00e9 les phases de votre carri\u00e8re en trois parties. Vous pouvez aussi bien \u00eatre mentore que mentor\u00e9e dans le cadre de ces piliers.  <\/p>\n\n\n\n<p><strong>Phase 1<\/strong> : Imaginer une carri\u00e8re dans l\u2019aviation et l\u2019a\u00e9ronautique.<\/p>\n\n\n\n<p><strong>Phase 2<\/strong> : Se former, perfectionner ses comp\u00e9tences et rechercher une orientation professionnelle.<\/p>\n\n\n\n<p><strong>Phase 3<\/strong> : Propulser sa carri\u00e8re et chercher \u00e0 progresser davantage encore.<\/p>\n\n\n\n<p>Le soutien et les conseils d\u2019une mentore peuvent vous aider \u00e0 d\u00e9cider de la meilleure orientation \u00e0 donner \u00e0 votre carri\u00e8re. Une personne dont la carri\u00e8re est plus avanc\u00e9e que la v\u00f4tre peut vous offrir des perspectives et un soutien pr\u00e9cieux. <\/p>\n\n\n\n<p>Une fois lanc\u00e9e sur la bonne voie, vous pouvez \u00e9galement devenir mentore, faire profiter les autres de votre exp\u00e9rience et aider le prochain groupe de femmes \u00e0 assouvir leurs passions.<\/p>\n<\/div>\n\n\n\n<div class=\"wp-block-column is-layout-flow wp-block-column-is-layout-flow\">\n<figure class=\"wp-block-image size-full\"><img loading=\"lazy\" decoding=\"async\" width=\"609\" height=\"356\" src=\"https:\/\/northernlightsaerofoundation.com\/wp-content\/uploads\/2023\/04\/NLAF-3-women.jpg\" alt=\"\" class=\"wp-image-541\"\/><\/figure>\n\n\n\n<div style=\"height:32px\" aria-hidden=\"true\" class=\"wp-block-spacer\"><\/div>\n\n\n\n<figure class=\"wp-block-image size-full\"><img loading=\"lazy\" decoding=\"async\" width=\"609\" height=\"356\" src=\"https:\/\/northernlightsaerofoundation.com\/wp-content\/uploads\/2023\/04\/NLAF-award-group.jpg\" alt=\"\" class=\"wp-image-543\"\/><\/figure>\n<\/div>\n<\/div>\n\n<\/div>\n\t\t\t<div class=\"icfp-block__pointy_triangle-down\" style=\"left: 75%; border-top-color: #e2eff7;\"><\/div>\n\t\t<\/div>\n\t<\/div>\n\t\n\t<div class=\"icfp-block__pointy_outer\" style=\"background-color: #cbe2f0;\">\t\t\t\t\t\n\t\t<div class=\"icfp-block__pointy_inner\">\n\t\t\t<div class=\"icfp-block__pointy_triangle-up\" style=\"left: 10%; border-top-color: #cbe2f0;\"><\/div>\n\t\t\t\t<div class=\"acf-innerblocks-container\">\n\n<div class=\"wp-block-columns is-layout-flex wp-container-core-columns-is-layout-9d6595d7 wp-block-columns-is-layout-flex\">\n<div class=\"wp-block-column is-vertically-aligned-center is-layout-flow wp-block-column-is-layout-flow\">\n<figure class=\"wp-block-image size-full\"><img loading=\"lazy\" decoding=\"async\" width=\"609\" height=\"356\" src=\"https:\/\/northernlightsaerofoundation.com\/wp-content\/uploads\/2023\/04\/NLAF-4-cockpit.jpg\" alt=\"\" class=\"wp-image-542\"\/><\/figure>\n<\/div>\n\n\n\n<div class=\"wp-block-column is-layout-flow wp-block-column-is-layout-flow\">\n<h2 class=\"wp-block-heading\"><strong>Qui devrait participer?<\/strong><\/h2>\n\n\n\n<p>Quel que soit le stade de votre carri\u00e8re dans l\u2019aviation, vous pouvez b\u00e9n\u00e9ficier de l\u2019aide d\u2019une personne plus exp\u00e9riment\u00e9e. Vous pouvez \u00e9galement offrir votre aide \u00e0 quelqu\u2019un de moins exp\u00e9riment\u00e9. <\/p>\n\n\n\n<p>En tant que mentor\u00e9e, vous rencontrerez des femmes dont la carri\u00e8re dans le domaine de l\u2019aviation et de l\u2019a\u00e9ronautique est plus avanc\u00e9e que la v\u00f4tre. Elles vous offriront de nouvelles perspectives, vous aideront \u00e0 acqu\u00e9rir de nouvelles comp\u00e9tences et vous permettront d\u2019obtenir des renseignements pr\u00e9cieux, de consolider vos objectifs de carri\u00e8re et d\u2019\u00e9largir votre r\u00e9seau professionnel. B\u00e9n\u00e9ficier du soutien d\u2019une mentore vous permettra d\u2019obtenir des conseils pratiques et des encouragements, ainsi que d\u2019accro\u00eetre votre confiance en vous sur les plans social et acad\u00e9mique.  <\/p>\n\n\n\n<p>En tant que mentore, vous aurez l\u2019occasion d\u2019aider d\u2019autres jeunes femmes d\u00e9butantes dans le domaine de l\u2019aviation et de l\u2019a\u00e9rospatiale. Vous pourrez am\u00e9liorer vos comp\u00e9tences en mati\u00e8re de relations interpersonnelles, de leadership et de communication, renforcer le lien avec vos coll\u00e8gues, nouer de nouvelles relations professionnelles et partager vos connaissances. Enfin, vous \u00e9prouverez un sentiment d\u2019accomplissement lorsque votre mentor\u00e9e atteindra ses objectifs.   <\/p>\n<\/div>\n<\/div>\n\n<\/div>\n\t\t\t<div class=\"icfp-block__pointy_triangle-down\" style=\"left: -400%; border-top-color: #cbe2f0;\"><\/div>\n\t\t<\/div>\n\t<\/div>\n\t\n\t<div class=\"icfp-block__pointy_outer\" style=\"background-color: #e2eff7;\">\t\t\t\t\t\n\t\t<div class=\"icfp-block__pointy_inner\">\n\t\t\t<div class=\"icfp-block__pointy_triangle-up\" style=\"left: 10%; border-top-color: #cbe2f0;\"><\/div>\n\t\t\t\t<div class=\"acf-innerblocks-container\">\n\n<div class=\"wp-block-columns is-layout-flex wp-container-core-columns-is-layout-9d6595d7 wp-block-columns-is-layout-flex\">\n<div class=\"wp-block-column is-layout-flow wp-block-column-is-layout-flow\">\n<h2 class=\"wp-block-heading\"><strong>\u00c0 quoi vous attendre<\/strong><\/h2>\n\n\n\n<p>Nous nous effor\u00e7ons de cr\u00e9er des jumelages compatibles. Que vous soyez mentore ou mentor\u00e9e, nous souhaitons que votre partenariat soit couronn\u00e9 de succ\u00e8s. C\u2019est pourquoi nous vous fournirons l\u2019aide et le soutien dont vous avez besoin pour \u00e9tablir une relation productive. <\/p>\n\n\n\n<p>\u00c0 la suite de votre rencontre, si vous \u00eates chacune satisfaites de votre jumelage, vous d\u00e9finirez un ensemble d\u2019objectifs \u00e0 atteindre et vous engagerez ensemble dans un partenariat d\u2019une dur\u00e9e de six mois \u00e0 un an.<\/p>\n\n\n\n<p> <\/p>\n<\/div>\n<\/div>\n\n<\/div>\n\t\t\t<div class=\"icfp-block__pointy_triangle-down\" style=\"left: 10%; border-top-color: #e2eff7;\"><\/div>\n\t\t<\/div>\n\t<\/div>","protected":false},"excerpt":{"rendered":"<p>Mentorat Inscrivez-vous au programme de mentorat Northern Lights Vous souhaitez vous perfectionner ou vous \u00e9panouir sur le plan professionnel mais ne savez pas par o\u00f9 commencer? Un mentor peut vous [&hellip;]<\/p>\n","protected":false},"author":2,"featured_media":0,"parent":2021,"menu_order":0,"comment_status":"closed","ping_status":"closed","template":"","meta":{"_acf_changed":false,"_EventAllDay":false,"_EventTimezone":"","_EventStartDate":"","_EventEndDate":"","_EventStartDateUTC":"","_EventEndDateUTC":"","_EventShowMap":false,"_EventShowMapLink":false,"_EventURL":"","_EventCost":"","_EventCostDescription":"","_EventCurrencySymbol":"","_EventCurrencyCode":"","_EventCurrencyPosition":"","_EventDateTimeSeparator":"","_EventTimeRangeSeparator":"","_EventOrganizerID":[],"_EventVenueID":[],"_OrganizerEmail":"","_OrganizerPhone":"","_OrganizerWebsite":"","_VenueAddress":"","_VenueCity":"","_VenueCountry":"","_VenueProvince":"","_VenueState":"","_VenueZip":"","_VenuePhone":"","_VenueURL":"","_VenueStateProvince":"","_VenueLat":"","_VenueLng":"","_VenueShowMap":false,"_VenueShowMapLink":false,"footnotes":""},"class_list":["post-2022","page","type-page","status-publish","hentry"],"acf":[],"_links":{"self":[{"href":"https:\/\/northernlightsaerofoundation.com\/fr\/wp-json\/wp\/v2\/pages\/2022","targetHints":{"allow":["GET"]}}],"collection":[{"href":"https:\/\/northernlightsaerofoundation.com\/fr\/wp-json\/wp\/v2\/pages"}],"about":[{"href":"https:\/\/northernlightsaerofoundation.com\/fr\/wp-json\/wp\/v2\/types\/page"}],"author":[{"embeddable":true,"href":"https:\/\/northernlightsaerofoundation.com\/fr\/wp-json\/wp\/v2\/users\/2"}],"replies":[{"embeddable":true,"href":"https:\/\/northernlightsaerofoundation.com\/fr\/wp-json\/wp\/v2\/comments?post=2022"}],"version-history":[{"count":5,"href":"https:\/\/northernlightsaerofoundation.com\/fr\/wp-json\/wp\/v2\/pages\/2022\/revisions"}],"predecessor-version":[{"id":2362,"href":"https:\/\/northernlightsaerofoundation.com\/fr\/wp-json\/wp\/v2\/pages\/2022\/revisions\/2362"}],"up":[{"embeddable":true,"href":"https:\/\/northernlightsaerofoundation.com\/fr\/wp-json\/wp\/v2\/pages\/2021"}],"wp:attachment":[{"href":"https:\/\/northernlightsaerofoundation.com\/fr\/wp-json\/wp\/v2\/media?parent=2022"}],"curies":[{"name":"wp","href":"https:\/\/api.w.org\/{rel}","templated":true}]}}