{"id":2026,"date":"2023-05-18T14:37:03","date_gmt":"2023-05-18T18:37:03","guid":{"rendered":"https:\/\/northernlightsaerofoundation.com\/etre-implique\/devenir-une-mentore\/"},"modified":"2023-09-11T13:48:42","modified_gmt":"2023-09-11T17:48:42","slug":"devenir-une-mentore","status":"publish","type":"page","link":"https:\/\/northernlightsaerofoundation.com\/fr\/etre-implique\/devenir-une-mentore\/","title":{"rendered":"Devenir une mentore"},"content":{"rendered":"\n<div class=\"wp-block-columns is-layout-flex wp-container-core-columns-is-layout-9d6595d7 wp-block-columns-is-layout-flex\">\n<div class=\"wp-block-column is-layout-flow wp-block-column-is-layout-flow\">\n<h1 class=\"wp-block-heading\">Devenir une mentore<\/h1>\n\n\n\n<p>Vous \u00eates une professionnelle chevronn\u00e9e de l\u2019aviation ou de l\u2019a\u00e9ronautique, \u00e0 la recherche d\u2019une occasion de :<\/p>\n\n\n\n<ul class=\"wp-block-list\">\n<li>Partager vos connaissances professionnelles, vos comp\u00e9tences, votre exp\u00e9rience ou votre r\u00e9seau?<\/li>\n\n\n\n<li>D\u00e9velopper vos comp\u00e9tences en mati\u00e8re de leadership, de communication et d\u2019accompagnement?<\/li>\n\n\n\n<li>Favoriser la croissance et le perfectionnement de nouvelles professionnelles dans les secteurs de l\u2019aviation et de l\u2019a\u00e9ronautique?<\/li>\n<\/ul>\n\n\n\n<p>Si vous avez r\u00e9pondu \u00ab Oui \u00bb \u00e0 l\u2019une de ces questions, vous \u00eates au bon endroit. Le programme de mentorat de la Northern Lights Aero Foundation vous donne l\u2019occasion de partager vos comp\u00e9tences et vos connaissances avec d\u2019autres femmes de votre secteur. <\/p>\n\n\n\n<p>Remplissez le formulaire de candidature et devenez mentore. Nous examinerons votre candidature et communiquerons avec vous dans le but d\u2019organiser une rencontre pour discuter du processus de s\u00e9lection des mentores, des proc\u00e9dures de jumelage et de la convention de mentorat. <\/p>\n\n\n\n\t\n\t\t\n\t\t<div class=\"icfp-block__button_outer\" style=\"text-align: \"> \n\t\t\t<a href=\"https:\/\/docs.google.com\/forms\/d\/e\/1FAIpQLSchAcyfJqXIViRxwtebXlfWPV5kCh3Tf81AF1MaZQ3Zt8JtYw\/viewform\" class=\"button\" style=\"border-radius: px; background-color: ; color: ;\" \">Formulaire de mentor<\/a>\n\t\t<\/div>\n\t\t<\/div>\n<\/div>\n\n<div style=\"height:100px\" aria-hidden=\"true\" class=\"wp-block-spacer\"><\/div>\n","protected":false},"excerpt":{"rendered":"<p>Devenir une mentore Vous \u00eates une professionnelle chevronn\u00e9e de l\u2019aviation ou de l\u2019a\u00e9ronautique, \u00e0 la recherche d\u2019une occasion de : Si vous avez r\u00e9pondu \u00ab Oui \u00bb \u00e0 l\u2019une de [&hellip;]<\/p>\n","protected":false},"author":3,"featured_media":0,"parent":2021,"menu_order":0,"comment_status":"closed","ping_status":"closed","template":"","meta":{"_acf_changed":false,"_EventAllDay":false,"_EventTimezone":"","_EventStartDate":"","_EventEndDate":"","_EventStartDateUTC":"","_EventEndDateUTC":"","_EventShowMap":false,"_EventShowMapLink":false,"_EventURL":"","_EventCost":"","_EventCostDescription":"","_EventCurrencySymbol":"","_EventCurrencyCode":"","_EventCurrencyPosition":"","_EventDateTimeSeparator":"","_EventTimeRangeSeparator":"","_EventOrganizerID":[],"_EventVenueID":[],"_OrganizerEmail":"","_OrganizerPhone":"","_OrganizerWebsite":"","_VenueAddress":"","_VenueCity":"","_VenueCountry":"","_VenueProvince":"","_VenueState":"","_VenueZip":"","_VenuePhone":"","_VenueURL":"","_VenueStateProvince":"","_VenueLat":"","_VenueLng":"","_VenueShowMap":false,"_VenueShowMapLink":false,"footnotes":""},"class_list":["post-2026","page","type-page","status-publish","hentry"],"acf":[],"_links":{"self":[{"href":"https:\/\/northernlightsaerofoundation.com\/fr\/wp-json\/wp\/v2\/pages\/2026","targetHints":{"allow":["GET"]}}],"collection":[{"href":"https:\/\/northernlightsaerofoundation.com\/fr\/wp-json\/wp\/v2\/pages"}],"about":[{"href":"https:\/\/northernlightsaerofoundation.com\/fr\/wp-json\/wp\/v2\/types\/page"}],"author":[{"embeddable":true,"href":"https:\/\/northernlightsaerofoundation.com\/fr\/wp-json\/wp\/v2\/users\/3"}],"replies":[{"embeddable":true,"href":"https:\/\/northernlightsaerofoundation.com\/fr\/wp-json\/wp\/v2\/comments?post=2026"}],"version-history":[{"count":1,"href":"https:\/\/northernlightsaerofoundation.com\/fr\/wp-json\/wp\/v2\/pages\/2026\/revisions"}],"predecessor-version":[{"id":2027,"href":"https:\/\/northernlightsaerofoundation.com\/fr\/wp-json\/wp\/v2\/pages\/2026\/revisions\/2027"}],"up":[{"embeddable":true,"href":"https:\/\/northernlightsaerofoundation.com\/fr\/wp-json\/wp\/v2\/pages\/2021"}],"wp:attachment":[{"href":"https:\/\/northernlightsaerofoundation.com\/fr\/wp-json\/wp\/v2\/media?parent=2026"}],"curies":[{"name":"wp","href":"https:\/\/api.w.org\/{rel}","templated":true}]}}