{"id":2028,"date":"2023-05-18T14:39:19","date_gmt":"2023-05-18T18:39:19","guid":{"rendered":"https:\/\/northernlightsaerofoundation.com\/etre-implique\/trouver-une-mentore\/"},"modified":"2023-09-11T13:54:13","modified_gmt":"2023-09-11T17:54:13","slug":"trouver-une-mentore","status":"publish","type":"page","link":"https:\/\/northernlightsaerofoundation.com\/fr\/etre-implique\/trouver-une-mentore\/","title":{"rendered":"Trouver une mentore"},"content":{"rendered":"\n<div class=\"wp-block-columns is-layout-flex wp-container-core-columns-is-layout-9d6595d7 wp-block-columns-is-layout-flex\">\n<div class=\"wp-block-column is-layout-flow wp-block-column-is-layout-flow\">\n<h1 class=\"wp-block-heading\">Trouver une mentore<\/h1>\n\n\n\n<p>Que vous d\u00e9butiez votre carri\u00e8re dans les domaines de l\u2019a\u00e9ronautique ou de l\u2019aviation, que vous ayez besoin d\u2019aide pour vous \u00e9tablir ou que vous soyez une professionnelle de l\u2019aviation bien \u00e9tablie \u00e0 la recherche de conseils pour propulser votre carri\u00e8re, le programme de mentorat Northern Lights pourrait vous convenir.<\/p>\n\n\n\n<p>En tant que mentor\u00e9e, vous aurez l\u2019occasion de :<\/p>\n\n\n\n<ul class=\"wp-block-list\">\n<li>Clarifier ou \u00e9tablir vos objectifs de carri\u00e8re dans l\u2019aviation.<\/li>\n\n\n\n<li>Recevoir des conseils pr\u00e9cieux en mati\u00e8re de perfectionnement professionnel.<\/li>\n\n\n\n<li>\u00c9tablir des relations avec des professionnelles exp\u00e9riment\u00e9es de l\u2019aviation.<\/li>\n<\/ul>\n\n\n\n<p>Pour postuler, remplissez le formulaire. Nous examinerons votre candidature et communiquerons avec vous dans le but d\u2019organiser une rencontre pour discuter du processus de s\u00e9lection des mentores, des proc\u00e9dures de jumelage et de la convention de mentorat. <\/p>\n\n\n\n\t\n\t\t\n\t\t<div class=\"icfp-block__button_outer\" style=\"text-align: \"> \n\t\t\t<a href=\"https:\/\/docs.google.com\/forms\/d\/e\/1FAIpQLSf2ZNFWiNmUcEGueAQxOFQ9zu02-yZ6Zqoav4TOVJ4RpRk0EQ\/viewform\" class=\"button\" style=\"border-radius: px; background-color: ; color: ;\" \">formulaire de mentorat<\/a>\n\t\t<\/div>\n\t\t<\/div>\n<\/div>\n\n<div style=\"height:100px\" aria-hidden=\"true\" class=\"wp-block-spacer\"><\/div>\n","protected":false},"excerpt":{"rendered":"<p>Trouver une mentore Que vous d\u00e9butiez votre carri\u00e8re dans les domaines de l\u2019a\u00e9ronautique ou de l\u2019aviation, que vous ayez besoin d\u2019aide pour vous \u00e9tablir ou que vous soyez une professionnelle [&hellip;]<\/p>\n","protected":false},"author":3,"featured_media":0,"parent":2021,"menu_order":0,"comment_status":"closed","ping_status":"closed","template":"","meta":{"_acf_changed":false,"_EventAllDay":false,"_EventTimezone":"","_EventStartDate":"","_EventEndDate":"","_EventStartDateUTC":"","_EventEndDateUTC":"","_EventShowMap":false,"_EventShowMapLink":false,"_EventURL":"","_EventCost":"","_EventCostDescription":"","_EventCurrencySymbol":"","_EventCurrencyCode":"","_EventCurrencyPosition":"","_EventDateTimeSeparator":"","_EventTimeRangeSeparator":"","_EventOrganizerID":[],"_EventVenueID":[],"_OrganizerEmail":"","_OrganizerPhone":"","_OrganizerWebsite":"","_VenueAddress":"","_VenueCity":"","_VenueCountry":"","_VenueProvince":"","_VenueState":"","_VenueZip":"","_VenuePhone":"","_VenueURL":"","_VenueStateProvince":"","_VenueLat":"","_VenueLng":"","_VenueShowMap":false,"_VenueShowMapLink":false,"footnotes":""},"class_list":["post-2028","page","type-page","status-publish","hentry"],"acf":[],"_links":{"self":[{"href":"https:\/\/northernlightsaerofoundation.com\/fr\/wp-json\/wp\/v2\/pages\/2028","targetHints":{"allow":["GET"]}}],"collection":[{"href":"https:\/\/northernlightsaerofoundation.com\/fr\/wp-json\/wp\/v2\/pages"}],"about":[{"href":"https:\/\/northernlightsaerofoundation.com\/fr\/wp-json\/wp\/v2\/types\/page"}],"author":[{"embeddable":true,"href":"https:\/\/northernlightsaerofoundation.com\/fr\/wp-json\/wp\/v2\/users\/3"}],"replies":[{"embeddable":true,"href":"https:\/\/northernlightsaerofoundation.com\/fr\/wp-json\/wp\/v2\/comments?post=2028"}],"version-history":[{"count":1,"href":"https:\/\/northernlightsaerofoundation.com\/fr\/wp-json\/wp\/v2\/pages\/2028\/revisions"}],"predecessor-version":[{"id":2029,"href":"https:\/\/northernlightsaerofoundation.com\/fr\/wp-json\/wp\/v2\/pages\/2028\/revisions\/2029"}],"up":[{"embeddable":true,"href":"https:\/\/northernlightsaerofoundation.com\/fr\/wp-json\/wp\/v2\/pages\/2021"}],"wp:attachment":[{"href":"https:\/\/northernlightsaerofoundation.com\/fr\/wp-json\/wp\/v2\/media?parent=2028"}],"curies":[{"name":"wp","href":"https:\/\/api.w.org\/{rel}","templated":true}]}}