{"id":2036,"date":"2023-04-18T10:24:34","date_gmt":"2023-04-18T14:24:34","guid":{"rendered":"https:\/\/northernlightsaerofoundation.com\/etre-implique\/bourse-detudes\/"},"modified":"2026-03-06T09:56:10","modified_gmt":"2026-03-06T14:56:10","slug":"bourse-detudes","status":"publish","type":"page","link":"https:\/\/northernlightsaerofoundation.com\/fr\/etre-implique\/bourse-detudes\/","title":{"rendered":"Bourse d\u2019\u00e9tudes"},"content":{"rendered":"\n<div class=\"wp-block-columns is-layout-flex wp-container-core-columns-is-layout-9d6595d7 wp-block-columns-is-layout-flex\">\n<div class=\"wp-block-column is-layout-flow wp-block-column-is-layout-flow\">\n<div class=\"wp-block-columns is-layout-flex wp-container-core-columns-is-layout-9d6595d7 wp-block-columns-is-layout-flex\">\n<div class=\"wp-block-column is-layout-flow wp-block-column-is-layout-flow\">\n<h1 class=\"wp-block-heading\"><strong>Bourse d\u2019\u00e9tudes<\/strong><\/h1>\n<\/div>\n<\/div>\n\n\n\n<h2 class=\"wp-block-heading\"><strong>Bourse d&rsquo;\u00e9tudes ALPA du capitaine Christina Thomson<\/strong><\/h2>\n\n\n\n<figure class=\"wp-block-image alignright size-full is-resized\"><a href=\"https:\/\/docs.google.com\/forms\/d\/e\/1FAIpQLSf8jRxwId3oHZVO7uVazPzY4bpcXkkMzVfi3SxE98pP_fIxGw\/viewform?pli=1 \"><img loading=\"lazy\" decoding=\"async\" width=\"2560\" height=\"1920\" src=\"https:\/\/northernlightsaerofoundation.com\/wp-content\/uploads\/2026\/01\/CaptainChristinaThomsonScholarship_Logo-scaled.jpg\" alt=\"Circular logo with woman pilot in the middle and Captain Christina Thomson ALPA Scholarship written around the edge.\" class=\"wp-image-3360\" style=\"width:220px;height:auto\" srcset=\"https:\/\/northernlightsaerofoundation.com\/wp-content\/uploads\/2026\/01\/CaptainChristinaThomsonScholarship_Logo-scaled.jpg 2560w, https:\/\/northernlightsaerofoundation.com\/wp-content\/uploads\/2026\/01\/CaptainChristinaThomsonScholarship_Logo-533x400.jpg 533w, https:\/\/northernlightsaerofoundation.com\/wp-content\/uploads\/2026\/01\/CaptainChristinaThomsonScholarship_Logo-800x600.jpg 800w\" sizes=\"auto, (max-width: 2560px) 100vw, 2560px\" \/><\/a><\/figure>\n\n\n\n<p>La capitaine Christina Thomson \u00e9tait une source d&rsquo;inspiration pour tous ceux qui ont eu le privil\u00e8ge de la conna\u00eetre. Pilote chez WestJet et repr\u00e9sentante syndicale infatigable, elle a fait preuve de r\u00e9silience, de compassion et d&rsquo;un leadership naturel. Tragiquement, en d\u00e9cembre 2023, Christina a \u00e9t\u00e9 victime de violence conjugale. Cette bourse d&rsquo;\u00e9tudes honore sa m\u00e9moire en soutenant les femmes en formation de pilote qui partagent ses qualit\u00e9s de leadership.<\/p>\n\n\n\n<p>Les candidatures pour la bourse d&rsquo;\u00e9tudes ALPA Captain Christina Thomson sont closes. Merci pour vos candidatures !<\/p>\n\n\n\n<h2 class=\"wp-block-heading\"><strong>Bourse Commandante-Judy-Cameron<\/strong><\/h2>\n\n\n\n<p>Cette bourse s\u2019adresse aux jeunes femmes qui aspirent \u00e0 une carri\u00e8re dans l\u2019aviation, en tant que pilotes professionnelles ou techniciennes d\u2019entretien d\u2019a\u00e9ronef, et qui n\u2019ont pas n\u00e9cessairement les moyens financiers d\u2019y parvenir. Toutes les femmes de citoyennet\u00e9 canadienne qui ont \u00e9t\u00e9 admises ou sont inscrites \u00e0 un programme d\u2019\u00e9tudes postsecondaires en pilotage ou en maintenance et r\u00e9paration d\u2019a\u00e9ronef sont admissibles. <\/p>\n\n\n\n<p>Ce programme est commandit\u00e9 par <a href=\"https:\/\/careers.aircanada.com\/posts\/the-captain-judy-cameron-scholarship\">Air Canada (lien : https:\/\/careers.aircanada.com\/posts\/the-captain-judy-cameron-scholarship)<\/a> et, pour la premi\u00e8re fois en 2023, par <a href=\"https:\/\/www.cae.com\">CAE (lien : https:\/\/www.cae.com\/fr)<\/a>, qui a doubl\u00e9 le nombre de bourses accord\u00e9es. D\u2019autres femmes obtiendront une bourse dans le cadre du programme Femmes pilotes aux commandes de CAE \u2013 Ambassadrices Air Canada. Pour en savoir plus sur les bourses d\u2019\u00e9tudes accord\u00e9es en 2023 dans le cadre du programme commandit\u00e9 par Air Canada et CAE, cliquez <a href=\"https:\/\/media.aircanada.com\/2022-10-25-Air-Canada-and-CAE-Join-Forces-to-Advance-Diversity-in-Aviation,-Doubling-the-2023-Captain-Judy-Cameron-Scholarships\">ici<\/a>. Visionnez \u00e9galement <a href=\"https:\/\/vimeo.com\/762405437\">une vid\u00e9o<\/a> (lien [en anglais seulement] : https:\/\/vimeo.com\/762405437) qui pr\u00e9sente cette bourse bonifi\u00e9e!<\/p>\n\n\n\n<p>La Northern Lights Aero Foundation est fi\u00e8re d\u2019annoncer les huit laur\u00e9ates de la septi\u00e8me \u00e9dition de la bourse annuelle Captain Judy Cameron, destin\u00e9e \u00e0 soutenir les femmes canadiennes poursuivant une carri\u00e8re en aviation.<\/p>\n<\/div>\n<\/div>\n\n\n\n<div style=\"height:40px\" aria-hidden=\"true\" class=\"wp-block-spacer\"><\/div>\n\n\n\n\t\n\t<div class=\"icfp-block__pointy_outer\" style=\"background-color: #e2eff7;\">\t\t\t\t\t\n\t\t<div class=\"icfp-block__pointy_inner\">\n\t\t\t<div class=\"icfp-block__pointy_triangle-up\" style=\"left: 10%; border-top-color: #ffffff;\"><\/div>\n\t\t\t\t<div class=\"acf-innerblocks-container\">\n\n<div class=\"wp-block-columns is-layout-flex wp-container-core-columns-is-layout-9d6595d7 wp-block-columns-is-layout-flex\">\n<div class=\"wp-block-column is-layout-flow wp-block-column-is-layout-flow\">\n<h2 class=\"wp-block-heading\"><strong><strong>Les Laur\u00e9ats 2026<\/strong><\/strong><\/h2>\n\n\n\n<p>La Northern Lights Aero Foundation est fi\u00e8re d\u2019annoncer les huit laur\u00e9ates de la septi\u00e8me \u00e9dition de la bourse annuelle Captain Judy Cameron, destin\u00e9e \u00e0 soutenir les femmes canadiennes poursuivant une carri\u00e8re en aviation. Gr\u00e2ce au g\u00e9n\u00e9reux soutien d\u2019Air Canada et de CAE, chacune des r\u00e9cipiendaires recevra une bourse de 5 000 $.<\/p>\n\n\n\n<p>S\u00e9lectionn\u00e9es parmi des candidates de partout au pays, ces huit pilotes se distinguent par leurs r\u00e9alisations, leur engagement et leur contribution \u00e0 l\u2019avancement des femmes dans le domaine de l\u2019aviation.<\/p>\n\n\n\n<p>\u00ab Voir les anciennes laur\u00e9ates devenir instructrices de vol, pilotes d\u2019\u00e9vacuation m\u00e9dicale ou copilotes au sein de grandes compagnies a\u00e9riennes est une source d\u2019inspiration constante \u00bb, a d\u00e9clar\u00e9 Judy Cameron, capitaine retrait\u00e9e de Boeing 777 chez Air Canada. \u00ab Les laur\u00e9ates de 2026 sont des femmes qui excellent non seulement dans leur propre formation, mais qui jouent aussi un r\u00f4le actif pour encourager d\u2019autres femmes \u00e0 suivre leurs traces. Je suis profond\u00e9ment reconnaissante envers Air Canada et CAE pour leur soutien continu aux femmes canadiennes en aviation, rendu possible gr\u00e2ce \u00e0 ce partenariat avec la Northern Lights Aero Foundation. \u00bb<\/p>\n\n\n\n<p><\/p>\n<\/div>\n<\/div>\n\n<\/div>\n\t\t\t<div class=\"icfp-block__pointy_triangle-down\" style=\"left: 10%; border-top-color: #e2eff7;\"><\/div>\n\t\t<\/div>\n\t<\/div>\n\n\n\t\n\t<div class=\"icfp-block__pointy_outer\" style=\"background-color: #cbe2f0;\">\t\t\t\t\t\n\t\t<div class=\"icfp-block__pointy_inner\">\n\t\t\t<div class=\"icfp-block__pointy_triangle-up\" style=\"left: 0%; border-top-color: #cbe2f0;\"><\/div>\n\t\t\t\t<div class=\"acf-innerblocks-container\">\n\n<div class=\"wp-block-columns is-layout-flex wp-container-core-columns-is-layout-9d6595d7 wp-block-columns-is-layout-flex\">\n<div class=\"wp-block-column is-layout-flow wp-block-column-is-layout-flow\">\n<h2 class=\"wp-block-heading\"><strong>Voici les boursi\u00e8res d\u2019Air Canada 2026 :<\/strong><\/h2>\n\n\n\n<p><strong>Faith Mulholland<\/strong>, Eden Mills (Ontario). \u00c9tudiante pilote de deuxi\u00e8me ann\u00e9e au Moncton Flight College, elle est \u00e9galement fondatrice et pr\u00e9sidente de la Women in Aviation Society de l\u2019Universit\u00e9 Mount Allison.<\/p>\n\n\n\n<p><strong>Afrah Khan<\/strong>, Edmonton (Alberta). Titulaire d\u2019une licence de pilote priv\u00e9 obtenue \u00e0 l\u2019Alberta College of Avionics, elle s\u2019implique b\u00e9n\u00e9volement aupr\u00e8s d\u2019Elevate Aviation et du Mus\u00e9e de l\u2019aviation de l\u2019Alberta.<\/p>\n\n\n\n<p><strong>Aymie Rioux<\/strong>, Saint-Germain (Qu\u00e9bec). En formation chez ExactAir et d\u00e9tentrice d\u2019une licence de pilote professionnel, elle est vice\u2011pr\u00e9sidente des Ninety-Nines \u2013 Section Qu\u00e9bec et b\u00e9n\u00e9vole pour Elevate Aviation ainsi que pour le service civil de recherche et de sauvetage SERABEC.<\/p>\n\n\n\n<p><strong>Kesaia Bruni<\/strong>, Mississauga (Ontario). Forte de plus de 500 heures de b\u00e9n\u00e9volat, elle a \u00e9t\u00e9 \u00e9lue repr\u00e9sentante de classe \u00e0 Cygnet Aviation, o\u00f9 elle poursuit sa formation en vue d\u2019obtenir sa licence de pilote de ligne int\u00e9gr\u00e9e.<\/p>\n<\/div>\n<\/div>\n\n<\/div>\n\t\t\t<div class=\"icfp-block__pointy_triangle-down\" style=\"left: 10%; border-top-color: #cbe2f0;\"><\/div>\n\t\t<\/div>\n\t<\/div>\n\n\n\t\n\t<div class=\"icfp-block__pointy_outer\" style=\"background-color: #e2eff7;\">\t\t\t\t\t\n\t\t<div class=\"icfp-block__pointy_inner\">\n\t\t\t<div class=\"icfp-block__pointy_triangle-up\" style=\"left: 0%; border-top-color: #e2eff7;\"><\/div>\n\t\t\t\t<div class=\"acf-innerblocks-container\">\n\n<div class=\"wp-block-columns is-layout-flex wp-container-core-columns-is-layout-9d6595d7 wp-block-columns-is-layout-flex\">\n<div class=\"wp-block-column is-layout-flow wp-block-column-is-layout-flow\">\n<h2 class=\"wp-block-heading\"><strong><strong><strong>Les ambassadrices Femmes pilotes aux commandes de CAE 2026:<\/strong><\/strong><\/strong><\/h2>\n\n\n\n<p><strong>Katelyn Flear<\/strong>, Caledonia (Ontario). Elle a r\u00e9ussi son examen de pilote professionnel au Waterloo Wellington Flight Centre et agit comme coordonnatrice des m\u00e9dias sociaux pour la University of Waterloo Aviation Society.<\/p>\n\n\n\n<p><strong>Madison Crane<\/strong>, Etobicoke (Ontario). Titulaire d\u2019une licence de pilote priv\u00e9 obtenue au Diamond Flight Centre, elle est pr\u00e9sidente du Commercial Aviation Management Council de l\u2019Universit\u00e9 Western et responsable des adh\u00e9sions pour Western Aviatrix.<\/p>\n\n\n\n<p><strong>Sophia Hutchcroft<\/strong>, Calgary (Alberta). \u00c9tudiante \u00e0 l\u2019Universit\u00e9 Mount Royal et d\u00e9tentrice d\u2019une licence de pilote priv\u00e9, elle occupe le poste de vice\u2011pr\u00e9sidente aux \u00e9v\u00e9nements du club des femmes dans l\u2019aviation de l\u2019Universit\u00e9 Mount Royal.<\/p>\n\n\n\n<p><strong>Natasha Razzak<\/strong>, Sherwood Park (Alberta). Titulaire d\u2019une licence de pilote priv\u00e9 obtenue au Centennial Flight Centre, elle fait du b\u00e9n\u00e9volat aupr\u00e8s de la Citizen\u2019s Foundation du Pakistan ainsi qu\u2019aupr\u00e8s d\u2019Elevate Aviation.<\/p>\n<\/div>\n<\/div>\n\n<\/div>\n\t\t\t<div class=\"icfp-block__pointy_triangle-down\" style=\"left: -400%; border-top-color: #e2eff7;\"><\/div>\n\t\t<\/div>\n\t<\/div>\n\n\n<figure class=\"wp-block-embed is-type-video is-provider-youtube wp-block-embed-youtube wp-embed-aspect-16-9 wp-has-aspect-ratio\"><div class=\"wp-block-embed__wrapper\">\n<div class=\"flex-video widescreen vimeo\"><iframe loading=\"lazy\" title=\"2026 Captain Judy Cameron Scholarship Recipients\" width=\"500\" height=\"281\" src=\"https:\/\/www.youtube.com\/embed\/g3mD3IND7h0?feature=oembed\" frameborder=\"0\" allow=\"accelerometer; autoplay; clipboard-write; encrypted-media; gyroscope; picture-in-picture; web-share\" referrerpolicy=\"strict-origin-when-cross-origin\" allowfullscreen><\/iframe><\/div>\n<\/div><\/figure>\n","protected":false},"excerpt":{"rendered":"<p>Bourse d\u2019\u00e9tudes Bourse d&rsquo;\u00e9tudes ALPA du capitaine Christina Thomson La capitaine Christina Thomson \u00e9tait une source d&rsquo;inspiration pour tous ceux qui ont eu le privil\u00e8ge de la conna\u00eetre. Pilote chez [&hellip;]<\/p>\n","protected":false},"author":2,"featured_media":0,"parent":2021,"menu_order":0,"comment_status":"closed","ping_status":"closed","template":"","meta":{"_acf_changed":false,"_EventAllDay":false,"_EventTimezone":"","_EventStartDate":"","_EventEndDate":"","_EventStartDateUTC":"","_EventEndDateUTC":"","_EventShowMap":false,"_EventShowMapLink":false,"_EventURL":"","_EventCost":"","_EventCostDescription":"","_EventCurrencySymbol":"","_EventCurrencyCode":"","_EventCurrencyPosition":"","_EventDateTimeSeparator":"","_EventTimeRangeSeparator":"","_EventOrganizerID":[],"_EventVenueID":[],"_OrganizerEmail":"","_OrganizerPhone":"","_OrganizerWebsite":"","_VenueAddress":"","_VenueCity":"","_VenueCountry":"","_VenueProvince":"","_VenueState":"","_VenueZip":"","_VenuePhone":"","_VenueURL":"","_VenueStateProvince":"","_VenueLat":"","_VenueLng":"","_VenueShowMap":false,"_VenueShowMapLink":false,"footnotes":""},"class_list":["post-2036","page","type-page","status-publish","hentry"],"acf":[],"_links":{"self":[{"href":"https:\/\/northernlightsaerofoundation.com\/fr\/wp-json\/wp\/v2\/pages\/2036","targetHints":{"allow":["GET"]}}],"collection":[{"href":"https:\/\/northernlightsaerofoundation.com\/fr\/wp-json\/wp\/v2\/pages"}],"about":[{"href":"https:\/\/northernlightsaerofoundation.com\/fr\/wp-json\/wp\/v2\/types\/page"}],"author":[{"embeddable":true,"href":"https:\/\/northernlightsaerofoundation.com\/fr\/wp-json\/wp\/v2\/users\/2"}],"replies":[{"embeddable":true,"href":"https:\/\/northernlightsaerofoundation.com\/fr\/wp-json\/wp\/v2\/comments?post=2036"}],"version-history":[{"count":10,"href":"https:\/\/northernlightsaerofoundation.com\/fr\/wp-json\/wp\/v2\/pages\/2036\/revisions"}],"predecessor-version":[{"id":3424,"href":"https:\/\/northernlightsaerofoundation.com\/fr\/wp-json\/wp\/v2\/pages\/2036\/revisions\/3424"}],"up":[{"embeddable":true,"href":"https:\/\/northernlightsaerofoundation.com\/fr\/wp-json\/wp\/v2\/pages\/2021"}],"wp:attachment":[{"href":"https:\/\/northernlightsaerofoundation.com\/fr\/wp-json\/wp\/v2\/media?parent=2036"}],"curies":[{"name":"wp","href":"https:\/\/api.w.org\/{rel}","templated":true}]}}