{"id":2038,"date":"2023-05-09T13:25:09","date_gmt":"2023-05-09T17:25:09","guid":{"rendered":"https:\/\/northernlightsaerofoundation.com\/etre-implique\/plus-d-opportunites\/"},"modified":"2023-09-11T15:09:02","modified_gmt":"2023-09-11T19:09:02","slug":"plus-d-opportunites","status":"publish","type":"page","link":"https:\/\/northernlightsaerofoundation.com\/fr\/etre-implique\/plus-d-opportunites\/","title":{"rendered":"Plus d-opportunit\u00e9s"},"content":{"rendered":"\n\t\n\t<div class=\"icfp-block__pointy_outer\" style=\"background-color: #ffffff;\">\t\t\t\t\t\n\t\t<div class=\"icfp-block__pointy_inner\">\n\t\t\t<div class=\"icfp-block__pointy_triangle-up\" style=\"left: 0%; border-top-color: #ffffff;\"><\/div>\n\t\t\t\t<div class=\"acf-innerblocks-container\">\n\n<div class=\"wp-block-columns is-layout-flex wp-container-core-columns-is-layout-9d6595d7 wp-block-columns-is-layout-flex\">\n<div class=\"wp-block-column is-layout-flow wp-block-column-is-layout-flow\">\n<h1 class=\"wp-block-heading\"><strong>Plus d-opportunit\u00e9s<\/strong><\/h1>\n\n\n\n<h2 class=\"wp-block-heading\"><strong>Ninety-Nines<\/strong><\/h2>\n\n\n\n<p>Les prix Fly Now, qui peuvent atteindre 6 000 $, sont attribu\u00e9s deux fois par an lorsque certaines \u00e9tapes de la formation ont \u00e9t\u00e9 accomplies. Ils sont accord\u00e9s aux \u00e9l\u00e8ves-pilotes membres des Ninety-Nines qui satisfont aux exigences d\u2019admissibilit\u00e9 : d\u00e9tenir un certificat d\u2019\u00e9l\u00e8ve-pilote, \u00eatre un \u00e9l\u00e8ve-pilote membre officiel un mois avant la date limite de d\u00e9p\u00f4t des demandes et d\u00e9montrer un besoin financier. En savoir plus sur : <a href=\"https:\/\/www.ninety-nines.org\/fly-now.htm\">https:\/\/www.ninety-nines.org\/fly-now.htm<\/a>.  <\/p>\n\n\n\n<p>De plus, l\u2019organisation des Ninety-Nines offre une bourse Karen Johnson Solo de 3 000 $ \u00e0 une jeune femme \u00e2g\u00e9e de 16 \u00e0 20 ans en guise de soutien financier pour sa formation en vol, en solo et au-del\u00e0. En savoir plus sur : <a href=\"http:\/\/www.kjsoloscholarship.com\">http:\/\/www.kjsoloscholarship.com<\/a>.<\/p>\n<\/div>\n<\/div>\n\n<\/div>\n\t\t\t<div class=\"icfp-block__pointy_triangle-down\" style=\"left: -4400%; border-top-color: #ffffff;\"><\/div>\n\t\t<\/div>\n\t<\/div>\n\t\n\t<div class=\"icfp-block__pointy_outer\" style=\"background-color: #e2eff7;\">\t\t\t\t\t\n\t\t<div class=\"icfp-block__pointy_inner\">\n\t\t\t<div class=\"icfp-block__pointy_triangle-up\" style=\"left: 10%; border-top-color: #ffffff;\"><\/div>\n\t\t\t\t<div class=\"acf-innerblocks-container\">\n\n<div class=\"wp-block-columns is-layout-flex wp-container-core-columns-is-layout-9d6595d7 wp-block-columns-is-layout-flex\">\n<div class=\"wp-block-column is-layout-flow wp-block-column-is-layout-flow\">\n<h2 class=\"wp-block-heading\"><strong><strong><strong>Women in Aviation International (WAI)<\/strong><\/strong><\/strong><\/h2>\n\n\n\n<p>Au cours des 20 derni\u00e8res ann\u00e9es, WAI a vers\u00e9 plus de 10 M$ \u00e0 ses membres afin de les aider \u00e0 atteindre leurs objectifs et \u00e0 progresser dans la carri\u00e8re qu\u2019ils ont toujours r\u00eav\u00e9 d\u2019avoir dans l\u2019aviation et l\u2019a\u00e9rospatiale. En savoir plus sur : h<a href=\"https:\/\/www.wai.org\/education\/scholarships\">ttps:\/\/www.wai.org\/education\/scholarships<\/a>.<\/p>\n<\/div>\n<\/div>\n\n<\/div>\n\t\t\t<div class=\"icfp-block__pointy_triangle-down\" style=\"left: 10%; border-top-color: #e2eff7;\"><\/div>\n\t\t<\/div>\n\t<\/div>\n\t\n\t<div class=\"icfp-block__pointy_outer\" style=\"background-color: #cbe2f0;\">\t\t\t\t\t\n\t\t<div class=\"icfp-block__pointy_inner\">\n\t\t\t<div class=\"icfp-block__pointy_triangle-up\" style=\"left: 0%; border-top-color: #cbe2f0;\"><\/div>\n\t\t\t\t<div class=\"acf-innerblocks-container\">\n\n<div class=\"wp-block-columns is-layout-flex wp-container-core-columns-is-layout-9d6595d7 wp-block-columns-is-layout-flex\">\n<div class=\"wp-block-column is-layout-flow wp-block-column-is-layout-flow\">\n<h2 class=\"wp-block-heading\"><strong><strong>Association canadienne des pilotes et propri\u00e9taires d\u2019a\u00e9ronefs (COPA)<\/strong><\/strong><\/h2>\n\n\n\n<p>Le fonds de bourses d\u2019\u00e9tudes Neil Armstrong encourage la cr\u00e9ation de programmes de formation de pilotes canadiens en offrant des bourses d\u2019\u00e9tudes annuelles aux \u00e9l\u00e8ves-pilotes dans le cadre de programmes d\u2019entra\u00eenement au vol pour d\u00e9butants et de niveau avanc\u00e9. Cr\u00e9\u00e9e en l\u2019honneur des aviateurs les plus \u00e9minents du Canada, cette bourse a aid\u00e9 de nombreux pilotes canadiens \u00e0 d\u00e9marrer dans la profession. En savoir plus sur : <a href=\"https:\/\/copanational.org\/en\/scholarship\">https:\/\/copanational.org\/en\/scholarship<\/a>.  <\/p>\n<\/div>\n<\/div>\n\n<\/div>\n\t\t\t<div class=\"icfp-block__pointy_triangle-down\" style=\"left: 10%; border-top-color: #cbe2f0;\"><\/div>\n\t\t<\/div>\n\t<\/div>\n\t\n\t<div class=\"icfp-block__pointy_outer\" style=\"background-color: #e2eff7;\">\t\t\t\t\t\n\t\t<div class=\"icfp-block__pointy_inner\">\n\t\t\t<div class=\"icfp-block__pointy_triangle-up\" style=\"left: 0%; border-top-color: #e2eff7;\"><\/div>\n\t\t\t\t<div class=\"acf-innerblocks-container\">\n\n<div class=\"wp-block-columns is-layout-flex wp-container-core-columns-is-layout-9d6595d7 wp-block-columns-is-layout-flex\">\n<div class=\"wp-block-column is-layout-flow wp-block-column-is-layout-flow\">\n<h2 class=\"wp-block-heading\"><strong><strong><strong><strong>Ontario Aerospace Council (OAC)<\/strong><\/strong><\/strong><\/strong><\/h2>\n\n\n\n<p>L\u2019Ontario Aerospace Council offre pour l\u2019ann\u00e9e scolaire 2020-2021 quatre bourses pour des \u00e9tudiants qui suivent actuellement ou font suivre un programme d\u2019\u00e9tudes a\u00e9rospatiales dans un \u00e9tablissement postsecondaire (coll\u00e9gial ou universitaire) en Ontario. Chaque bourse a une valeur de 2 500 $ CA. En savoir plus sur : <a href=\"https:\/\/theoac.ca\/page\/Scholarships2023?&amp;hhsearchterms=%22scholarships%22\">https:\/\/theoac.ca\/page\/Scholarships2020<\/a>. <\/p>\n\n\n\n<p>\u00ab Ma plus grande joie dans la vie est de r\u00e9aliser ce que les autres croient impossible. Si on souhaite entamer une carri\u00e8re de pilote, on ne doit reculer devant aucun d\u00e9fi et aucune \u00e9preuve. \u00bb<\/p>\n<\/div>\n<\/div>\n\n<\/div>\n\t\t\t<div class=\"icfp-block__pointy_triangle-down\" style=\"left: -400%; border-top-color: #e2eff7;\"><\/div>\n\t\t<\/div>\n\t<\/div>","protected":false},"excerpt":{"rendered":"","protected":false},"author":3,"featured_media":0,"parent":2021,"menu_order":0,"comment_status":"closed","ping_status":"closed","template":"","meta":{"_acf_changed":false,"_EventAllDay":false,"_EventTimezone":"","_EventStartDate":"","_EventEndDate":"","_EventStartDateUTC":"","_EventEndDateUTC":"","_EventShowMap":false,"_EventShowMapLink":false,"_EventURL":"","_EventCost":"","_EventCostDescription":"","_EventCurrencySymbol":"","_EventCurrencyCode":"","_EventCurrencyPosition":"","_EventDateTimeSeparator":"","_EventTimeRangeSeparator":"","_EventOrganizerID":[],"_EventVenueID":[],"_OrganizerEmail":"","_OrganizerPhone":"","_OrganizerWebsite":"","_VenueAddress":"","_VenueCity":"","_VenueCountry":"","_VenueProvince":"","_VenueState":"","_VenueZip":"","_VenuePhone":"","_VenueURL":"","_VenueStateProvince":"","_VenueLat":"","_VenueLng":"","_VenueShowMap":false,"_VenueShowMapLink":false,"footnotes":""},"class_list":["post-2038","page","type-page","status-publish","hentry"],"acf":[],"_links":{"self":[{"href":"https:\/\/northernlightsaerofoundation.com\/fr\/wp-json\/wp\/v2\/pages\/2038","targetHints":{"allow":["GET"]}}],"collection":[{"href":"https:\/\/northernlightsaerofoundation.com\/fr\/wp-json\/wp\/v2\/pages"}],"about":[{"href":"https:\/\/northernlightsaerofoundation.com\/fr\/wp-json\/wp\/v2\/types\/page"}],"author":[{"embeddable":true,"href":"https:\/\/northernlightsaerofoundation.com\/fr\/wp-json\/wp\/v2\/users\/3"}],"replies":[{"embeddable":true,"href":"https:\/\/northernlightsaerofoundation.com\/fr\/wp-json\/wp\/v2\/comments?post=2038"}],"version-history":[{"count":1,"href":"https:\/\/northernlightsaerofoundation.com\/fr\/wp-json\/wp\/v2\/pages\/2038\/revisions"}],"predecessor-version":[{"id":2039,"href":"https:\/\/northernlightsaerofoundation.com\/fr\/wp-json\/wp\/v2\/pages\/2038\/revisions\/2039"}],"up":[{"embeddable":true,"href":"https:\/\/northernlightsaerofoundation.com\/fr\/wp-json\/wp\/v2\/pages\/2021"}],"wp:attachment":[{"href":"https:\/\/northernlightsaerofoundation.com\/fr\/wp-json\/wp\/v2\/media?parent=2038"}],"curies":[{"name":"wp","href":"https:\/\/api.w.org\/{rel}","templated":true}]}}